{"id":53,"date":"2018-01-29T12:43:33","date_gmt":"2018-01-29T12:43:33","guid":{"rendered":"https:\/\/grycap.webs.upv.es\/?page_id=53"},"modified":"2025-11-13T11:58:57","modified_gmt":"2025-11-13T11:58:57","slug":"projects","status":"publish","type":"page","link":"https:\/\/grycap.upv.es\/index.php\/projects\/","title":{"rendered":"Projects"},"content":{"rendered":"\n<h1 class=\"wp-block-heading\">Relevant Projects<\/h1>\n\n\n\n<p>The GRyCAP has participated and led many projects in the area of distributed computing, with a clear focus on Cloud computing. This page summarises the most relevant ones.<\/p>\n\n\n<div class=\"wp-block-image\">\n<figure class=\"aligncenter\"><img decoding=\"async\" src=\"https:\/\/grycap.upv.es\/wp-content\/uploads\/2025\/11\/BreastSCan_Logo_RZ-300x59.png\" alt=\"BreastSCan\" class=\"wp-image-3325\"\/><\/figure>\n<\/div>\n\n\n<p>Breast cancer (BC) is a common cancer, causing 374,800 new cases and 95,800 deaths in the EU in 2022, despite effective screening. The <strong>BreastSCan project<\/strong> addresses remaining challenges by creating a large-scale, high-quality dataset of over <strong>one million images<\/strong> from BC screening, involving <strong>20 partners<\/strong> across nine EU countries.<\/p>\n\n\n\n<p>This dataset will facilitate testing innovative <strong>Artificial Intelligence (AI) tools<\/strong> for improving diagnosis and care in use cases like lesion detection and BC risk stratification. BreastSCan will integrate images and clinical data into centralized and federated nodes, contributing to the <strong>Cancer Image Europe<\/strong> platform and aligning with the European Cancer Imaging Initiative and Health Data Space. The project aims to reduce BC mortality, enhance workflow efficiency, and improve diagnostic power by integrating AI into screening practice, thereby elevating cancer care standards. <a href=\"https:\/\/grycap.upv.es\/index.php\/breastscan\/\" data-type=\"page\" data-id=\"3357\">(read more)<\/a><\/p>\n\n\n<div class=\"wp-block-image\">\n<figure class=\"aligncenter\"><a href=\"https:\/\/www.grycap.upv.es\/index.php\/ai4eosc\/\"><img loading=\"lazy\" decoding=\"async\" width=\"300\" height=\"65\" src=\"https:\/\/www.grycap.upv.es\/wp-content\/uploads\/2023\/01\/ai4eosc-1-300x65.png\" alt=\"AI4EOSC - AI for the European Open Science Cloud\" class=\"wp-image-3325\" srcset=\"https:\/\/grycap.upv.es\/wp-content\/uploads\/2023\/01\/ai4eosc-1-300x65.png 300w, https:\/\/grycap.upv.es\/wp-content\/uploads\/2023\/01\/ai4eosc-1.png 608w\" sizes=\"auto, (max-width: 300px) 100vw, 300px\" \/><\/a><\/figure>\n<\/div>\n\n\n<p>The AI4EOSC (AI for the European Open Science Cloud) project aims to deliver an enhanced set of services for the development of Artificial Intelligence (AI), Machine Learning (ML) and Deep Learning (DL) models and applications. This is to be reached by increasing the service offered in the EU landscape by expanding the European Open Science Cloud (EOSC) ecosystem (<a href=\"https:\/\/www.grycap.upv.es\/index.php\/ai4eosc\/\">read more<\/a>).<\/p>\n\n\n\n<h2 class=\"wp-block-heading has-text-align-center\">Computing Intensive Platform with Graphic Accelerators (GPUs) for Personalized Medicine<\/h2>\n\n\n\n<p>This project, funded by the Valencian Authorities and the European Research and Development Funds, aims at building and exploiting a computing platform to enable early diagnosis and detection of cardiac diseases, the prediction o therapy outcomes ant the speed-up of the process of identifying genes correlated with a higher risk of suffering heart diseases (<a href=\"https:\/\/www.grycap.upv.es\/index.php\/gpuplatform\/\">read more<\/a>).<\/p>\n\n\n<div class=\"wp-block-image\">\n<figure class=\"aligncenter\"><a href=\"https:\/\/www.indigo-datacloud.eu\/\" target=\"_blank\" rel=\"noopener\"><img loading=\"lazy\" decoding=\"async\" width=\"300\" height=\"100\" src=\"https:\/\/www.grycap.upv.es\/wp-content\/uploads\/2018\/01\/indigo.png\" alt=\"INDIGO - DataCloud\" class=\"wp-image-54\"\/><\/a><\/figure>\n<\/div>\n\n\n<p>INDIGO &#8211; DataCloud develops an open source data and computing platform targeted at scientific communities, deployable on multiple hardware and provisioned over hybrid, private or public, e-infrastructures. By filling existing gaps in PaaS and SaaS levels, INDIGO-DataCloud will help developers, resources providers, e-infrastructures and scientific communities to overcome current challenges in the Cloud computing, storage and network areas.<\/p>\n\n\n<div class=\"wp-block-image\">\n<figure class=\"aligncenter\"><a href=\"https:\/\/deep-hybrid-datacloud.eu\/\"><img loading=\"lazy\" decoding=\"async\" width=\"200\" height=\"86\" src=\"https:\/\/www.grycap.upv.es\/wp-content\/uploads\/2018\/03\/logo_deep.png\" alt=\"DEEP Hybrid DataCloud\" class=\"wp-image-77\"\/><\/a><\/figure>\n<\/div>\n\n\n<p>DEEP Hybrid DataCloud project supports intensive computing techniques that require specialized HPC hardware, like GPUs or low-latency interconnects, to explore very large datasets. A Hybrid Cloud approach enables the access to such resources that are not easily reachable by the researchers at the scale needed in the current EU e-infrastructure. Under the common label of \u201cDEEP as a Service\u201d, a set of building blocks that enable the easy development of applications requiring these techniques are developed: deep learning using neural networks, parallel post-processing of very large data, and analysis of massive online data streams.<\/p>\n\n\n<div class=\"wp-block-image\">\n<figure class=\"aligncenter\"><a href=\"http:\/\/www.eosc-hub.eu\/\"><img loading=\"lazy\" decoding=\"async\" width=\"300\" height=\"85\" src=\"https:\/\/www.grycap.upv.es\/wp-content\/uploads\/2018\/03\/eoschub-300x85.png\" alt=\"EOSC-hub\" class=\"wp-image-98\" srcset=\"https:\/\/grycap.upv.es\/wp-content\/uploads\/2018\/03\/eoschub-300x85.png 300w, https:\/\/grycap.upv.es\/wp-content\/uploads\/2018\/03\/eoschub-768x217.png 768w, https:\/\/grycap.upv.es\/wp-content\/uploads\/2018\/03\/eoschub.png 989w\" sizes=\"auto, (max-width: 300px) 100vw, 300px\" \/><\/a><\/figure>\n<\/div>\n\n\n<p>The EC-funded project EOSC-hub project brings together an extensive group of national and international service providers to create the Hub: a central contact point for European researchers and innovators to discover, access, use and reuse a broad spectrum of resources for advanced data-driven research. The consortium of 100 partners from more than 50 countries will develop the vision of the Hub as the integration and management system of the future European Open Science Cloud. The EOSC-hub project mobilises providers from the EGI Federation, EUDAT CDI, INDIGO-DataCloud and other major European research infrastructures to deliver a common catalogue of research data, services and software for research.<\/p>\n\n\n<div class=\"wp-block-image\">\n<figure class=\"aligncenter\"><a href=\"https:\/\/www.atmosphere-eubrazil.eu\/\"><img loading=\"lazy\" decoding=\"async\" width=\"300\" height=\"53\" src=\"https:\/\/www.grycap.upv.es\/wp-content\/uploads\/2018\/03\/atmosphere-300x53.png\" alt=\"ATMOSPHERE\" class=\"wp-image-99\" srcset=\"https:\/\/grycap.upv.es\/wp-content\/uploads\/2018\/03\/atmosphere-300x53.png 300w, https:\/\/grycap.upv.es\/wp-content\/uploads\/2018\/03\/atmosphere-768x137.png 768w, https:\/\/grycap.upv.es\/wp-content\/uploads\/2018\/03\/atmosphere-1024x182.png 1024w, https:\/\/grycap.upv.es\/wp-content\/uploads\/2018\/03\/atmosphere.png 1280w\" sizes=\"auto, (max-width: 300px) 100vw, 300px\" \/><\/a><\/figure>\n<\/div>\n\n\n<p>ATMOSPHERE (Adaptive, Trustworthy, Manageable, Orchestrated, Secure, Privacy-assuring Hybrid Ecosystem for REsilient Cloud Computing) is an EU-Brazil collaborative project aiming at the design and development of an ecosystem of a framework, platform and application of next-generation trustworthy cloud services on top of an intercontinental hybrid and federated resource pool.<\/p>\n\n\n<div class=\"wp-block-image\">\n<figure class=\"aligncenter\"><a href=\"http:\/\/quibim.com\/\"><img loading=\"lazy\" decoding=\"async\" width=\"300\" height=\"120\" src=\"https:\/\/www.grycap.upv.es\/wp-content\/uploads\/2018\/03\/quibimlogo-300x120.png\" alt=\"QUIBIM Precision\u00ae\" class=\"wp-image-101\" srcset=\"https:\/\/grycap.upv.es\/wp-content\/uploads\/2018\/03\/quibimlogo-300x120.png 300w, https:\/\/grycap.upv.es\/wp-content\/uploads\/2018\/03\/quibimlogo-768x308.png 768w, https:\/\/grycap.upv.es\/wp-content\/uploads\/2018\/03\/quibimlogo.png 897w\" sizes=\"auto, (max-width: 300px) 100vw, 300px\" \/><\/a><\/figure>\n<\/div>\n\n<div class=\"wp-block-image\">\n<figure class=\"aligncenter\"><a href=\"https:\/\/www.egi.eu\/\"><img loading=\"lazy\" decoding=\"async\" width=\"200\" height=\"200\" src=\"https:\/\/www.grycap.upv.es\/wp-content\/uploads\/2018\/03\/egi.png\" alt=\"EGI-Engage\" class=\"wp-image-102\" srcset=\"https:\/\/grycap.upv.es\/wp-content\/uploads\/2018\/03\/egi.png 200w, https:\/\/grycap.upv.es\/wp-content\/uploads\/2018\/03\/egi-150x150.png 150w\" sizes=\"auto, (max-width: 200px) 100vw, 200px\" \/><\/a><\/figure>\n<\/div>\n\n\n<p>The GRyCAP is a subcontractor in the SME Instrument EU project QUIBIM Precision\u00ae. QUIBIM Precision is a medically-certified and cost-effective platform in the cloud for the automated analysis of imaging biomarkers. The GRyCAP leads the design and implementation of a novel elastic and efficient back-end for public and on-premise clouds.EGI-Engage will accelerate advancements across the EGI Infrastructure in strategy, policy, business and technical innovation, user engagement towards researchers within the long-tail of science, domain-specific research communities, Research Infrastructures (RIs) within the ESFRI roadmap, as well as SMEs and industry at large. The mission is to accelerate the implementation of the Open Science Commons by expanding the capabilities of a European backbone of federated services for computing, storage, data, communication, knowledge and expertise, complementing community-specific capabilities<\/p>\n\n\n<div class=\"wp-block-image\">\n<figure class=\"aligncenter\"><a href=\"http:\/\/www.eubra-bigsea.eu\/\"><img loading=\"lazy\" decoding=\"async\" width=\"300\" height=\"38\" src=\"https:\/\/www.grycap.upv.es\/wp-content\/uploads\/2018\/03\/EUBra_BIGSEA_logo_800x100-300x38.png\" alt=\"EUBRA-BIGSEA\" class=\"wp-image-103\" srcset=\"https:\/\/grycap.upv.es\/wp-content\/uploads\/2018\/03\/EUBra_BIGSEA_logo_800x100-300x38.png 300w, https:\/\/grycap.upv.es\/wp-content\/uploads\/2018\/03\/EUBra_BIGSEA_logo_800x100-768x96.png 768w, https:\/\/grycap.upv.es\/wp-content\/uploads\/2018\/03\/EUBra_BIGSEA_logo_800x100.png 800w\" sizes=\"auto, (max-width: 300px) 100vw, 300px\" \/><\/a><\/figure>\n<\/div>\n\n\n<p>EUBRA-BIGSEA provides an integrated, elastic and dynamic big data cloud platform to address knowledge discovery by tackling data volume, variety, velocity and veracity issues as well as privacy, security and QoS challenges.<\/p>\n\n\n<div class=\"wp-block-image\">\n<figure class=\"aligncenter\"><a href=\"http:\/\/www.eubrazilcloudconnect.eu\/\"><img loading=\"lazy\" decoding=\"async\" width=\"300\" height=\"74\" src=\"https:\/\/www.grycap.upv.es\/wp-content\/uploads\/2018\/03\/Logo_EuBrazilCloudConnect_horz-300x74.png\" alt=\"EUBrazil Cloud Connect\" class=\"wp-image-104\" srcset=\"https:\/\/grycap.upv.es\/wp-content\/uploads\/2018\/03\/Logo_EuBrazilCloudConnect_horz-300x74.png 300w, https:\/\/grycap.upv.es\/wp-content\/uploads\/2018\/03\/Logo_EuBrazilCloudConnect_horz.png 606w\" sizes=\"auto, (max-width: 300px) 100vw, 300px\" \/><\/a><\/figure>\n<\/div>\n\n\n<p>EUBrazil Cloud Connect is a project funded under the second Eu-Brazil coordinated call under the topic a) Cloud computing for Science. It aims to create an intercontinental federated e-Infrastructure for scientific usage. This e-Infrastructure will join resources from different frameworks, like private clouds, supercomputing and opportunistic desktop resources to offer the community high-level scientific gateways and programming models.<\/p>\n\n\n\n<h2 class=\"wp-block-heading has-text-align-center\">Terapia y monitorizaci\u00f3n neurol\u00f3gica con t\u00e9cnicas f\u00edsicas m\u00faltiples (IDIFEDER\/2021\/004)<\/h2>\n\n\n\n<p>El objetivo de este proyecto es desarrollar t\u00e9cnicas de imagen y terapia aplicadas al campo neurol\u00f3gico desde diferentes aproximaciones: tomograf\u00eda por emisi\u00f3n de positrones (PET), resonancia magn\u00e9tica (MRI), terapia e imagen ultras\u00f3nicas (US), terapia hadr\u00f3nica (HT) y t\u00e9cnicas combinadas. <a href=\"https:\/\/www.i3m-stim.i3m.upv.es\/idifeder-2021-004\/\" target=\"_blank\" rel=\"noopener\">(ver m\u00e1s)<\/a><\/p>\n","protected":false},"excerpt":{"rendered":"<p>Relevant Projects The GRyCAP has participated and led many projects in the area of distributed computing, with a clear focus on Cloud computing. This page summarises the most relevant ones. Breast cancer (BC) is a common cancer, causing 374,800 new cases and 95,800 deaths in the EU in 2022, despite effective screening. The BreastSCan project [&hellip;]<\/p>\n","protected":false},"author":5,"featured_media":0,"parent":0,"menu_order":0,"comment_status":"closed","ping_status":"closed","template":"","meta":{"footnotes":""},"class_list":["post-53","page","type-page","status-publish","hentry"],"_links":{"self":[{"href":"https:\/\/grycap.upv.es\/index.php\/wp-json\/wp\/v2\/pages\/53","targetHints":{"allow":["GET"]}}],"collection":[{"href":"https:\/\/grycap.upv.es\/index.php\/wp-json\/wp\/v2\/pages"}],"about":[{"href":"https:\/\/grycap.upv.es\/index.php\/wp-json\/wp\/v2\/types\/page"}],"author":[{"embeddable":true,"href":"https:\/\/grycap.upv.es\/index.php\/wp-json\/wp\/v2\/users\/5"}],"replies":[{"embeddable":true,"href":"https:\/\/grycap.upv.es\/index.php\/wp-json\/wp\/v2\/comments?post=53"}],"version-history":[{"count":29,"href":"https:\/\/grycap.upv.es\/index.php\/wp-json\/wp\/v2\/pages\/53\/revisions"}],"predecessor-version":[{"id":3369,"href":"https:\/\/grycap.upv.es\/index.php\/wp-json\/wp\/v2\/pages\/53\/revisions\/3369"}],"wp:attachment":[{"href":"https:\/\/grycap.upv.es\/index.php\/wp-json\/wp\/v2\/media?parent=53"}],"curies":[{"name":"wp","href":"https:\/\/api.w.org\/{rel}","templated":true}]}}